{"id":127,"date":"2017-05-12T11:55:21","date_gmt":"2017-05-12T09:55:21","guid":{"rendered":"http:\/\/www.houbagri.be\/?page_id=127"},"modified":"2017-05-12T12:01:39","modified_gmt":"2017-05-12T10:01:39","slug":"kubota","status":"publish","type":"page","link":"http:\/\/www.houbagri.be\/fr\/kubota\/","title":{"rendered":"Kubota, mat\u00e9riel horticole"},"content":{"rendered":"<p><\/p>\n<div class=\"article\">\n<p style=\"text-align: center;\">Vous \u00eatre un professionnel de l&rsquo;<strong>agriculture<\/strong> ou de l&rsquo;<strong>horticulture<\/strong> ? <strong>Kubota<\/strong> vous offre une large gamme de produits <span style=\"font-size: small;\">de <strong>mat\u00e9riel professionnel horticole<\/strong> \u00e0 la pointe de la technologie et adapt\u00e9 aux besoins des professionnels.<\/span><\/p>\n<p style=\"text-align: center;\"><strong>Houbagri<\/strong> appartient au r\u00e9seau de 600 distributeurs de la marque japonaise. Kubota est l&rsquo;un des leaders sur le march\u00e9 du <strong>mat\u00e9riel horticole<\/strong> et a vendu jusqu&rsquo;\u00e0 aujourd&rsquo;hui plus de 12 500 tracteurs et tondeuses autoport\u00e9es fiables et polyvalents.<\/p>\n<p style=\"text-align: center;\">Nous sommes revendeurs agr\u00e9\u00e9s, si nous n&rsquo;avons pas le mod\u00e8le qui vous int\u00e9resse en stock nous pouvons vous le commander.<\/p>\n<p style=\"text-align: center;\">Tous les mod\u00e8les sont visible sur le <a href=\"https:\/\/ke.kubota-eu.com\/groundcare\/fr\/products\/\" target=\"_blank\" rel=\"noopener noreferrer\"><strong>site officiel KUBOTA<\/strong>.<\/a><\/p>\n<p style=\"text-align: center;\"><img decoding=\"async\" loading=\"lazy\" class=\"size-full wp-image-128 aligncenter\" src=\"http:\/\/www.houbagri.be\/wp-content\/uploads\/2017\/05\/5-models2.png\" alt=\"\" width=\"1470\" height=\"591\" srcset=\"http:\/\/www.houbagri.be\/wp-content\/uploads\/2017\/05\/5-models2.png 1470w, http:\/\/www.houbagri.be\/wp-content\/uploads\/2017\/05\/5-models2-300x121.png 300w, http:\/\/www.houbagri.be\/wp-content\/uploads\/2017\/05\/5-models2-768x309.png 768w, http:\/\/www.houbagri.be\/wp-content\/uploads\/2017\/05\/5-models2-1024x412.png 1024w\" sizes=\"(max-width: 1470px) 100vw, 1470px\" \/><\/p>\n<p style=\"text-align: center;\">Pour tous renseignements, demandes de prix, <a href=\"http:\/\/www.houbagri.be\/#contact\">contactez-nous<\/a><\/p>\n<\/div>\n<p><\/p>","protected":false},"excerpt":{"rendered":"<p>Vous \u00eatre un professionnel de l&rsquo;agriculture ou de l&rsquo;horticulture ? Kubota vous offre une large gamme de produits de mat\u00e9riel professionnel horticole \u00e0 la pointe de la technologie et adapt\u00e9 &#8230;<\/p>\n","protected":false},"author":1,"featured_media":0,"parent":0,"menu_order":0,"comment_status":"closed","ping_status":"closed","template":"template-fullwidth.php","meta":{"_mi_skip_tracking":false,"_exactmetrics_sitenote_active":false,"_exactmetrics_sitenote_note":"","_exactmetrics_sitenote_category":0},"aioseo_notices":[],"_links":{"self":[{"href":"http:\/\/www.houbagri.be\/fr\/wp-json\/wp\/v2\/pages\/127"}],"collection":[{"href":"http:\/\/www.houbagri.be\/fr\/wp-json\/wp\/v2\/pages"}],"about":[{"href":"http:\/\/www.houbagri.be\/fr\/wp-json\/wp\/v2\/types\/page"}],"author":[{"embeddable":true,"href":"http:\/\/www.houbagri.be\/fr\/wp-json\/wp\/v2\/users\/1"}],"replies":[{"embeddable":true,"href":"http:\/\/www.houbagri.be\/fr\/wp-json\/wp\/v2\/comments?post=127"}],"version-history":[{"count":5,"href":"http:\/\/www.houbagri.be\/fr\/wp-json\/wp\/v2\/pages\/127\/revisions"}],"predecessor-version":[{"id":134,"href":"http:\/\/www.houbagri.be\/fr\/wp-json\/wp\/v2\/pages\/127\/revisions\/134"}],"wp:attachment":[{"href":"http:\/\/www.houbagri.be\/fr\/wp-json\/wp\/v2\/media?parent=127"}],"curies":[{"name":"wp","href":"https:\/\/api.w.org\/{rel}","templated":true}]}}