{"id":135,"date":"2017-05-12T15:00:43","date_gmt":"2017-05-12T13:00:43","guid":{"rendered":"http:\/\/www.houbagri.be\/?page_id=135"},"modified":"2017-05-12T15:03:18","modified_gmt":"2017-05-12T13:03:18","slug":"toro","status":"publish","type":"page","link":"http:\/\/www.houbagri.be\/fr\/toro\/","title":{"rendered":"Toro"},"content":{"rendered":"<p><\/p>\n<div class=\"article\">\n<p style=\"text-align: center;\">La toute nouvelle gamme de tondeuses autotract\u00e9es Toro\u00ae est \u00e9quip\u00e9e de fonctions qui rendront la tonte plus agr\u00e9able et embelliront la pelouse. De notre transmission automatique \u00e0 nos d\u00e9marreurs \u00e9lectriques \u00e0 cl\u00e9, choisissez Toro et ses tondeuses \u00e0 la pointe du progr\u00e8s.<\/p>\n<p style=\"text-align: center;\">Les tracteurs Toro\u00ae sont construits pour les personnes fi\u00e8res de leurs pelouses. La qualit\u00e9 Toro est synonyme de tracteurs fiables, durables et \u00e9prouv\u00e9s.<\/p>\n<p style=\"text-align: center;\">Si le mod\u00e8le qui vous int\u00e9resse n&rsquo;est pas de stock, nous pouvons vous le commander.<\/p>\n<p style=\"text-align: center;\"><a href=\"https:\/\/www.toro.com\/fr-be\" target=\"_blank\" rel=\"noopener noreferrer\"><strong>Site Officiel Toro.<\/strong><\/a><\/p>\n<p style=\"text-align: center;\"><img decoding=\"async\" loading=\"lazy\" class=\"alignnone size-full wp-image-138\" src=\"http:\/\/www.houbagri.be\/wp-content\/uploads\/2017\/05\/toro-1024.jpg\" alt=\"\" width=\"1024\" height=\"666\" srcset=\"http:\/\/www.houbagri.be\/wp-content\/uploads\/2017\/05\/toro-1024.jpg 1024w, http:\/\/www.houbagri.be\/wp-content\/uploads\/2017\/05\/toro-1024-300x195.jpg 300w, http:\/\/www.houbagri.be\/wp-content\/uploads\/2017\/05\/toro-1024-768x500.jpg 768w\" sizes=\"(max-width: 1024px) 100vw, 1024px\" \/><\/p>\n<p style=\"text-align: center;\">Pour tous renseignements, demande de prix, <a href=\"http:\/\/www.houbagri.be\/#contact\">contactez-nous<\/a><\/p>\n<\/div>\n<p><\/p>","protected":false},"excerpt":{"rendered":"<p>La toute nouvelle gamme de tondeuses autotract\u00e9es Toro\u00ae est \u00e9quip\u00e9e de fonctions qui rendront la tonte plus agr\u00e9able et embelliront la pelouse. De notre transmission automatique \u00e0 nos d\u00e9marreurs \u00e9lectriques &#8230;<\/p>\n","protected":false},"author":1,"featured_media":0,"parent":0,"menu_order":0,"comment_status":"closed","ping_status":"closed","template":"template-fullwidth.php","meta":{"_mi_skip_tracking":false,"_exactmetrics_sitenote_active":false,"_exactmetrics_sitenote_note":"","_exactmetrics_sitenote_category":0},"aioseo_notices":[],"_links":{"self":[{"href":"http:\/\/www.houbagri.be\/fr\/wp-json\/wp\/v2\/pages\/135"}],"collection":[{"href":"http:\/\/www.houbagri.be\/fr\/wp-json\/wp\/v2\/pages"}],"about":[{"href":"http:\/\/www.houbagri.be\/fr\/wp-json\/wp\/v2\/types\/page"}],"author":[{"embeddable":true,"href":"http:\/\/www.houbagri.be\/fr\/wp-json\/wp\/v2\/users\/1"}],"replies":[{"embeddable":true,"href":"http:\/\/www.houbagri.be\/fr\/wp-json\/wp\/v2\/comments?post=135"}],"version-history":[{"count":2,"href":"http:\/\/www.houbagri.be\/fr\/wp-json\/wp\/v2\/pages\/135\/revisions"}],"predecessor-version":[{"id":139,"href":"http:\/\/www.houbagri.be\/fr\/wp-json\/wp\/v2\/pages\/135\/revisions\/139"}],"wp:attachment":[{"href":"http:\/\/www.houbagri.be\/fr\/wp-json\/wp\/v2\/media?parent=135"}],"curies":[{"name":"wp","href":"https:\/\/api.w.org\/{rel}","templated":true}]}}