{"id":143,"date":"2017-05-12T15:44:46","date_gmt":"2017-05-12T13:44:46","guid":{"rendered":"http:\/\/www.houbagri.be\/?page_id=143"},"modified":"2017-05-12T15:48:37","modified_gmt":"2017-05-12T13:48:37","slug":"broyage","status":"publish","type":"page","link":"http:\/\/www.houbagri.be\/fr\/broyage\/","title":{"rendered":"Broyage de plaquettes foresti\u00e8res"},"content":{"rendered":"<p><\/p>\n<p style=\"text-align: center;\">Depuis le 1er mai 2009, nous avons acquis un broyeur \u00e0 plaquettes \u00e0 la demande de nos clients afin de d\u00e9chiqueter leurs plaquettes \u00e0 domicile.<\/p>\n<p style=\"text-align: center;\">Notre broyeur est un <strong>HEIZOHACK 8\/500 K <\/strong>avec grue, nous calibrons la plaquette \u00e0 la dimension voulue du client.<\/p>\n<p style=\"text-align: center;\">Le diam\u00e8tre du bois maximum que l&rsquo;on peut <strong>DECHIQUETER<\/strong> est de 500 mm.<\/p>\n<p style=\"text-align: center;\"><img decoding=\"async\" loading=\"lazy\" class=\"alignnone size-full wp-image-146\" src=\"http:\/\/www.houbagri.be\/wp-content\/uploads\/2017\/05\/forestier.jpg\" alt=\"\" width=\"800\" height=\"600\" srcset=\"http:\/\/www.houbagri.be\/wp-content\/uploads\/2017\/05\/forestier.jpg 800w, http:\/\/www.houbagri.be\/wp-content\/uploads\/2017\/05\/forestier-300x225.jpg 300w, http:\/\/www.houbagri.be\/wp-content\/uploads\/2017\/05\/forestier-768x576.jpg 768w\" sizes=\"(max-width: 800px) 100vw, 800px\" \/><\/p>\n<div>\n<p style=\"text-align: center;\">Pour tous renseignements, demandes de prix, <a href=\"http:\/\/www.houbagri.be\/#contact\">contactez-nous<\/a><\/p>\n<\/div>\n<p><\/p>","protected":false},"excerpt":{"rendered":"<p>Depuis le 1er mai 2009, nous avons acquis un broyeur \u00e0 plaquettes \u00e0 la demande de nos clients afin de d\u00e9chiqueter leurs plaquettes \u00e0 domicile. Notre broyeur est un HEIZOHACK &#8230;<\/p>\n","protected":false},"author":1,"featured_media":0,"parent":0,"menu_order":0,"comment_status":"closed","ping_status":"closed","template":"template-fullwidth.php","meta":{"_mi_skip_tracking":false,"_exactmetrics_sitenote_active":false,"_exactmetrics_sitenote_note":"","_exactmetrics_sitenote_category":0},"aioseo_notices":[],"_links":{"self":[{"href":"http:\/\/www.houbagri.be\/fr\/wp-json\/wp\/v2\/pages\/143"}],"collection":[{"href":"http:\/\/www.houbagri.be\/fr\/wp-json\/wp\/v2\/pages"}],"about":[{"href":"http:\/\/www.houbagri.be\/fr\/wp-json\/wp\/v2\/types\/page"}],"author":[{"embeddable":true,"href":"http:\/\/www.houbagri.be\/fr\/wp-json\/wp\/v2\/users\/1"}],"replies":[{"embeddable":true,"href":"http:\/\/www.houbagri.be\/fr\/wp-json\/wp\/v2\/comments?post=143"}],"version-history":[{"count":4,"href":"http:\/\/www.houbagri.be\/fr\/wp-json\/wp\/v2\/pages\/143\/revisions"}],"predecessor-version":[{"id":149,"href":"http:\/\/www.houbagri.be\/fr\/wp-json\/wp\/v2\/pages\/143\/revisions\/149"}],"wp:attachment":[{"href":"http:\/\/www.houbagri.be\/fr\/wp-json\/wp\/v2\/media?parent=143"}],"curies":[{"name":"wp","href":"https:\/\/api.w.org\/{rel}","templated":true}]}}