{"id":162,"date":"2017-05-12T15:57:43","date_gmt":"2017-05-12T13:57:43","guid":{"rendered":"http:\/\/www.houbagri.be\/?page_id=162"},"modified":"2021-03-11T16:09:52","modified_gmt":"2021-03-11T15:09:52","slug":"heizomat","status":"publish","type":"page","link":"http:\/\/www.houbagri.be\/fr\/heizomat\/","title":{"rendered":"Heizomat"},"content":{"rendered":"<p><\/p>\n<h2 class=\"titre\" style=\"text-align: center;\">Heizomat : Utilisation d\u2019\u00e9nergies renouvelables<\/h2>\n<div class=\"article\">\n<p style=\"text-align: center;\" align=\"justify\"><strong>Heizomat<\/strong> est une PME sp\u00e9cialis\u00e9e dans la fabrication de produits permettant d\u2019utiliser des <strong>sources d\u2019\u00e9nergies\u00a0 renouvelables<\/strong> et regroupe plusieurs marques visibles sur le site du constructeur que vous pouvez visiter en cliquant sur l\u2019image ci-dessous :<\/p>\n<p style=\"text-align: center;\" align=\"justify\"><img decoding=\"async\" loading=\"lazy\" class=\"alignnone wp-image-393 size-full\" src=\"http:\/\/www.houbagri.be\/wp-content\/uploads\/2021\/03\/hsk-ra-1.jpg\" alt=\"\" width=\"900\" height=\"500\" srcset=\"http:\/\/www.houbagri.be\/wp-content\/uploads\/2021\/03\/hsk-ra-1.jpg 900w, http:\/\/www.houbagri.be\/wp-content\/uploads\/2021\/03\/hsk-ra-1-300x167.jpg 300w, http:\/\/www.houbagri.be\/wp-content\/uploads\/2021\/03\/hsk-ra-1-768x427.jpg 768w\" sizes=\"(max-width: 900px) 100vw, 900px\" \/><\/p>\n<p style=\"text-align: center;\" align=\"justify\">Pour tous renseignements, demandes de prix, <a href=\"http:\/\/www.houbagri.be\/#contact\">contactez-nous<\/a><\/p>\n<\/div>\n<p><\/p>","protected":false},"excerpt":{"rendered":"<p>Heizomat : Utilisation d\u2019\u00e9nergies renouvelables Heizomat est une PME sp\u00e9cialis\u00e9e dans la fabrication de produits permettant d\u2019utiliser des sources d\u2019\u00e9nergies\u00a0 renouvelables et regroupe plusieurs marques visibles sur le site du &#8230;<\/p>\n","protected":false},"author":1,"featured_media":0,"parent":0,"menu_order":0,"comment_status":"closed","ping_status":"closed","template":"template-fullwidth.php","meta":{"_mi_skip_tracking":false,"_exactmetrics_sitenote_active":false,"_exactmetrics_sitenote_note":"","_exactmetrics_sitenote_category":0},"aioseo_notices":[],"_links":{"self":[{"href":"http:\/\/www.houbagri.be\/fr\/wp-json\/wp\/v2\/pages\/162"}],"collection":[{"href":"http:\/\/www.houbagri.be\/fr\/wp-json\/wp\/v2\/pages"}],"about":[{"href":"http:\/\/www.houbagri.be\/fr\/wp-json\/wp\/v2\/types\/page"}],"author":[{"embeddable":true,"href":"http:\/\/www.houbagri.be\/fr\/wp-json\/wp\/v2\/users\/1"}],"replies":[{"embeddable":true,"href":"http:\/\/www.houbagri.be\/fr\/wp-json\/wp\/v2\/comments?post=162"}],"version-history":[{"count":5,"href":"http:\/\/www.houbagri.be\/fr\/wp-json\/wp\/v2\/pages\/162\/revisions"}],"predecessor-version":[{"id":394,"href":"http:\/\/www.houbagri.be\/fr\/wp-json\/wp\/v2\/pages\/162\/revisions\/394"}],"wp:attachment":[{"href":"http:\/\/www.houbagri.be\/fr\/wp-json\/wp\/v2\/media?parent=162"}],"curies":[{"name":"wp","href":"https:\/\/api.w.org\/{rel}","templated":true}]}}