{"id":346,"date":"2018-04-06T16:27:10","date_gmt":"2018-04-06T14:27:10","guid":{"rendered":"http:\/\/www.houbagri.be\/?page_id=346"},"modified":"2018-04-06T16:29:20","modified_gmt":"2018-04-06T14:29:20","slug":"uniforest","status":"publish","type":"page","link":"http:\/\/www.houbagri.be\/fr\/uniforest\/","title":{"rendered":"Uniforest"},"content":{"rendered":"<p><\/p>\n<div align=\"justify\">\n<h3 class=\"titre\" style=\"text-align: center;\">Uniforest, mat\u00e9riel forestier<\/h3>\n<p style=\"text-align: center;\"><span style=\"font-size: small;\"><strong>Uniforest<\/strong> est une marque de <strong>mat\u00e9riel forestier<\/strong> avec un bon <strong>rapport qualit\u00e9-prix<\/strong>. <\/span><span style=\"font-size: small;\">La marque <strong>Uniforest<\/strong> a d\u00e9j\u00e0 satisfait des milliers de clients, professionnels dans le domaine forestier.<\/span><\/p>\n<\/div>\n<div style=\"text-align: center;\" align=\"justify\"><span style=\"font-size: small;\"><strong>Houbagri<\/strong> vous propose des <strong>\u00e9quipements forestiers<\/strong>, et notamment des <strong>treuils \u00e0 commande m\u00e9canique<\/strong> ou des <strong>treuils \u00e0 commande Electro-hydraulique<\/strong> pour un travail en for\u00eat rapide et r\u00e9ussi. <\/span><\/div>\n<div align=\"justify\"><\/div>\n<div style=\"text-align: center;\" align=\"justify\"><\/div>\n<div style=\"text-align: center;\" align=\"justify\"><\/div>\n<p style=\"text-align: center;\"><img decoding=\"async\" loading=\"lazy\" class=\"alignnone size-large wp-image-345\" src=\"http:\/\/www.houbagri.be\/wp-content\/uploads\/2018\/04\/DSC_0285-e1400583411113-1024x681.jpg\" alt=\"\" width=\"800\" height=\"532\" srcset=\"http:\/\/www.houbagri.be\/wp-content\/uploads\/2018\/04\/DSC_0285-e1400583411113-1024x681.jpg 1024w, http:\/\/www.houbagri.be\/wp-content\/uploads\/2018\/04\/DSC_0285-e1400583411113-300x199.jpg 300w, http:\/\/www.houbagri.be\/wp-content\/uploads\/2018\/04\/DSC_0285-e1400583411113-768x511.jpg 768w, http:\/\/www.houbagri.be\/wp-content\/uploads\/2018\/04\/DSC_0285-e1400583411113-272x182.jpg 272w\" sizes=\"(max-width: 800px) 100vw, 800px\" \/><\/p>\n<p style=\"text-align: center;\">Pour tous renseignements, demandes de prix, <a href=\"http:\/\/www.houbagri.be\/#contact\">contactez-nous<\/a><\/p>\n<p><\/p>","protected":false},"excerpt":{"rendered":"<p>Uniforest, mat\u00e9riel forestier Uniforest est une marque de mat\u00e9riel forestier avec un bon rapport qualit\u00e9-prix. La marque Uniforest a d\u00e9j\u00e0 satisfait des milliers de clients, professionnels dans le domaine forestier. &#8230;<\/p>\n","protected":false},"author":1,"featured_media":0,"parent":0,"menu_order":0,"comment_status":"closed","ping_status":"closed","template":"template-fullwidth.php","meta":{"_mi_skip_tracking":false,"_exactmetrics_sitenote_active":false,"_exactmetrics_sitenote_note":"","_exactmetrics_sitenote_category":0},"aioseo_notices":[],"_links":{"self":[{"href":"http:\/\/www.houbagri.be\/fr\/wp-json\/wp\/v2\/pages\/346"}],"collection":[{"href":"http:\/\/www.houbagri.be\/fr\/wp-json\/wp\/v2\/pages"}],"about":[{"href":"http:\/\/www.houbagri.be\/fr\/wp-json\/wp\/v2\/types\/page"}],"author":[{"embeddable":true,"href":"http:\/\/www.houbagri.be\/fr\/wp-json\/wp\/v2\/users\/1"}],"replies":[{"embeddable":true,"href":"http:\/\/www.houbagri.be\/fr\/wp-json\/wp\/v2\/comments?post=346"}],"version-history":[{"count":4,"href":"http:\/\/www.houbagri.be\/fr\/wp-json\/wp\/v2\/pages\/346\/revisions"}],"predecessor-version":[{"id":350,"href":"http:\/\/www.houbagri.be\/fr\/wp-json\/wp\/v2\/pages\/346\/revisions\/350"}],"wp:attachment":[{"href":"http:\/\/www.houbagri.be\/fr\/wp-json\/wp\/v2\/media?parent=346"}],"curies":[{"name":"wp","href":"https:\/\/api.w.org\/{rel}","templated":true}]}}