{"id":406,"date":"2021-03-11T16:43:44","date_gmt":"2021-03-11T15:43:44","guid":{"rendered":"http:\/\/www.houbagri.be\/?page_id=406"},"modified":"2021-03-11T16:52:45","modified_gmt":"2021-03-11T15:52:45","slug":"kgd","status":"publish","type":"page","link":"http:\/\/www.houbagri.be\/fr\/kgd\/","title":{"rendered":"KGD"},"content":{"rendered":"<p><\/p>\n<div align=\"justify\">\n<h3 class=\"titre\" style=\"text-align: center;\">Treuils forestiers KGD<\/h3>\n<p style=\"text-align: center;\"><span lang=\"FR\" xml:lang=\"FR\">Nos treuils sont caract\u00e9ris\u00e9s par une construction robuste. Ils sont enti\u00e8rement r\u00e9alis\u00e9s en acier \u00e0 haute r\u00e9sistance et \u00e0 l&rsquo;int\u00e9rieur et \u00e0 l&rsquo;ext\u00e9rieur recouvert de poudre pour assurer une r\u00e9sistance maximale \u00e0 la corrosion.<\/span><\/p>\n<p style=\"text-align: center;\"><strong><span lang=\"FR\" xml:lang=\"FR\">Des produits de qualit\u00e9 autrichiens\u00a0!<\/span><\/strong><\/p>\n<p style=\"text-align: center;\"><span lang=\"FR\" xml:lang=\"FR\">Chaque treuil est assembl\u00e9 par nos professionnels, soumis \u00e0 un test fonctionnel \u00e0 100% \u00e0 l&rsquo;\u00e9preuve et selon les normes de qualit\u00e9 derni\u00e8re tra\u00e7abilit\u00e9 document\u00e9e.<\/span><\/p>\n<\/div>\n<div style=\"text-align: center;\" align=\"justify\"><\/div>\n<div style=\"text-align: center;\" align=\"justify\"><\/div>\n<p style=\"text-align: center;\"><img decoding=\"async\" loading=\"lazy\" class=\"aligncenter wp-image-398 size-full\" src=\"http:\/\/www.houbagri.be\/wp-content\/uploads\/2021\/03\/broyeur-kgd-2.png\" alt=\"\" width=\"662\" height=\"788\" srcset=\"http:\/\/www.houbagri.be\/wp-content\/uploads\/2021\/03\/broyeur-kgd-2.png 662w, http:\/\/www.houbagri.be\/wp-content\/uploads\/2021\/03\/broyeur-kgd-2-252x300.png 252w\" sizes=\"(max-width: 662px) 100vw, 662px\" \/><\/p>\n<p style=\"text-align: center;\">Pour tous renseignements, demandes de prix, <a href=\"http:\/\/www.houbagri.be\/#contact\">contactez-nous<\/a><\/p>\n<p><\/p>","protected":false},"excerpt":{"rendered":"<p>Treuils forestiers KGD Nos treuils sont caract\u00e9ris\u00e9s par une construction robuste. Ils sont enti\u00e8rement r\u00e9alis\u00e9s en acier \u00e0 haute r\u00e9sistance et \u00e0 l&rsquo;int\u00e9rieur et \u00e0 l&rsquo;ext\u00e9rieur recouvert de poudre pour &#8230;<\/p>\n","protected":false},"author":1,"featured_media":0,"parent":0,"menu_order":0,"comment_status":"closed","ping_status":"closed","template":"template-fullwidth.php","meta":{"_mi_skip_tracking":false,"_exactmetrics_sitenote_active":false,"_exactmetrics_sitenote_note":"","_exactmetrics_sitenote_category":0},"aioseo_notices":[],"_links":{"self":[{"href":"http:\/\/www.houbagri.be\/fr\/wp-json\/wp\/v2\/pages\/406"}],"collection":[{"href":"http:\/\/www.houbagri.be\/fr\/wp-json\/wp\/v2\/pages"}],"about":[{"href":"http:\/\/www.houbagri.be\/fr\/wp-json\/wp\/v2\/types\/page"}],"author":[{"embeddable":true,"href":"http:\/\/www.houbagri.be\/fr\/wp-json\/wp\/v2\/users\/1"}],"replies":[{"embeddable":true,"href":"http:\/\/www.houbagri.be\/fr\/wp-json\/wp\/v2\/comments?post=406"}],"version-history":[{"count":1,"href":"http:\/\/www.houbagri.be\/fr\/wp-json\/wp\/v2\/pages\/406\/revisions"}],"predecessor-version":[{"id":407,"href":"http:\/\/www.houbagri.be\/fr\/wp-json\/wp\/v2\/pages\/406\/revisions\/407"}],"wp:attachment":[{"href":"http:\/\/www.houbagri.be\/fr\/wp-json\/wp\/v2\/media?parent=406"}],"curies":[{"name":"wp","href":"https:\/\/api.w.org\/{rel}","templated":true}]}}