{"id":416,"date":"2021-03-11T16:54:35","date_gmt":"2021-03-11T15:54:35","guid":{"rendered":"http:\/\/www.houbagri.be\/?page_id=416"},"modified":"2021-03-11T17:00:20","modified_gmt":"2021-03-11T16:00:20","slug":"picursa","status":"publish","type":"page","link":"http:\/\/www.houbagri.be\/fr\/picursa\/","title":{"rendered":"Picursa machines agricoles et foresti\u00e8res"},"content":{"rendered":"<p><\/p>\n<h3 style=\"text-align: center;\">Picursa machines agricoles et foresti\u00e8res<\/h3>\n<p style=\"text-align: center;\">Picursa est une entreprise de r\u00e9f\u00e9rence dans la fabrication de machines agricoles et foresti\u00e8res.<\/p>\n<p style=\"text-align: center;\">Forte de plus de 25 ans d\u2019exp\u00e9rience, l\u2019entreprise se sp\u00e9cialise actuellement dans la fabrication de broyeurs en offrant une large gamme de produits pour l\u2019agriculture, le secteur forestier, les espaces verts et les travaux publics.<\/p>\n<p style=\"text-align: center;\">La recherche permanente de notre d\u00e9partement technique, l\u2019application des technologies les plus avanc\u00e9es pour fabriquer nos produits ainsi que l\u2019assistance et l\u2019attention personnalis\u00e9e offertes \u00e0 nos clients font la force de notre entreprise et nous permettent de r\u00e9pondre aux besoins du march\u00e9.<\/p>\n<p style=\"text-align: center;\"><img decoding=\"async\" loading=\"lazy\" class=\"alignnone size-full wp-image-410\" src=\"http:\/\/www.houbagri.be\/wp-content\/uploads\/2021\/03\/picursa.jpg\" alt=\"\" width=\"800\" height=\"600\" srcset=\"http:\/\/www.houbagri.be\/wp-content\/uploads\/2021\/03\/picursa.jpg 800w, http:\/\/www.houbagri.be\/wp-content\/uploads\/2021\/03\/picursa-300x225.jpg 300w, http:\/\/www.houbagri.be\/wp-content\/uploads\/2021\/03\/picursa-768x576.jpg 768w\" sizes=\"(max-width: 800px) 100vw, 800px\" \/><\/p>\n<p style=\"text-align: center;\">Pour tous renseignements, demandes de prix, <a href=\"http:\/\/www.houbagri.be\/#contact\">contactez-nous<\/a><\/p>\n<p><\/p>","protected":false},"excerpt":{"rendered":"<p>Picursa machines agricoles et foresti\u00e8res Picursa est une entreprise de r\u00e9f\u00e9rence dans la fabrication de machines agricoles et foresti\u00e8res. Forte de plus de 25 ans d\u2019exp\u00e9rience, l\u2019entreprise se sp\u00e9cialise actuellement &#8230;<\/p>\n","protected":false},"author":1,"featured_media":0,"parent":0,"menu_order":0,"comment_status":"closed","ping_status":"closed","template":"template-fullwidth.php","meta":{"_mi_skip_tracking":false,"_exactmetrics_sitenote_active":false,"_exactmetrics_sitenote_note":"","_exactmetrics_sitenote_category":0},"aioseo_notices":[],"_links":{"self":[{"href":"http:\/\/www.houbagri.be\/fr\/wp-json\/wp\/v2\/pages\/416"}],"collection":[{"href":"http:\/\/www.houbagri.be\/fr\/wp-json\/wp\/v2\/pages"}],"about":[{"href":"http:\/\/www.houbagri.be\/fr\/wp-json\/wp\/v2\/types\/page"}],"author":[{"embeddable":true,"href":"http:\/\/www.houbagri.be\/fr\/wp-json\/wp\/v2\/users\/1"}],"replies":[{"embeddable":true,"href":"http:\/\/www.houbagri.be\/fr\/wp-json\/wp\/v2\/comments?post=416"}],"version-history":[{"count":3,"href":"http:\/\/www.houbagri.be\/fr\/wp-json\/wp\/v2\/pages\/416\/revisions"}],"predecessor-version":[{"id":420,"href":"http:\/\/www.houbagri.be\/fr\/wp-json\/wp\/v2\/pages\/416\/revisions\/420"}],"wp:attachment":[{"href":"http:\/\/www.houbagri.be\/fr\/wp-json\/wp\/v2\/media?parent=416"}],"curies":[{"name":"wp","href":"https:\/\/api.w.org\/{rel}","templated":true}]}}