{"id":282,"date":"2018-04-05T16:11:29","date_gmt":"2018-04-05T14:11:29","guid":{"rendered":"http:\/\/www.houbagri.be\/?page_id=282"},"modified":"2021-03-11T15:59:30","modified_gmt":"2021-03-11T14:59:30","slug":"automower","status":"publish","type":"page","link":"http:\/\/www.houbagri.be\/nl\/automower\/","title":{"rendered":"(Fran\u00e7ais) Automower"},"content":{"rendered":"<div id=\"pl-282\"  class=\"panel-layout\" ><div id=\"pg-282-0\"  class=\"panel-grid panel-no-style\" ><div id=\"pgc-282-0-0\"  class=\"panel-grid-cell\" ><div id=\"panel-282-0-0-0\" class=\"so-panel widget widget_sow-image panel-first-child panel-last-child\" data-index=\"0\" ><div\n\t\t\t\n\t\t\tclass=\"so-widget-sow-image so-widget-sow-image-default-c67d20f9f743-282\"\n\t\t\t\n\t\t>\n\n<div class=\"sow-image-container\">\n\t\t\t<a href=\"http:\/\/www.houbagri.be\/nl\/husqvarna\/\"\n\t\t\t\t\t>\n\t\t\t<img src=\"http:\/\/www.houbagri.be\/wp-content\/uploads\/2017\/05\/slide2-640x400.jpg\" width=\"640\" height=\"400\" srcset=\"http:\/\/www.houbagri.be\/wp-content\/uploads\/2017\/05\/slide2-640x400.jpg 640w, http:\/\/www.houbagri.be\/wp-content\/uploads\/2017\/05\/slide2-480x300.jpg 480w\" sizes=\"(max-width: 640px) 100vw, 640px\" alt=\"\" loading=\"lazy\" \t\tclass=\"so-widget-image\"\/>\n\t<\/a><\/div>\n\n<\/div><\/div><\/div><div id=\"pgc-282-0-1\"  class=\"panel-grid-cell\" ><div id=\"panel-282-0-1-0\" class=\"so-panel widget widget_sow-editor panel-first-child panel-last-child\" data-index=\"1\" ><div class=\"panel-widget-style panel-widget-style-for-282-0-1-0\" ><div\n\t\t\t\n\t\t\tclass=\"so-widget-sow-editor so-widget-sow-editor-base\"\n\t\t\t\n\t\t>\n<div class=\"siteorigin-widget-tinymce textwidget\">\n\t<p>&nbsp;<\/p>\n<p>&nbsp;<\/p>\n<h3>Robot tondeuse<\/h3>\n<p><strong>Automower\u00ae Husqvarna \u2014 Leader mondial de la tonte robotis\u00e9e<\/strong><\/p>\n<p>L'Automower\u00ae Husqvarna est votre partenaire fiable et intelligent dans votre jardin, construit par le num\u00e9ro un mondial de la tonte robotis\u00e9e. Il tond votre gazon en silence de jour comme de nuit, quelle que soit la m\u00e9t\u00e9o, pour que vous puissiez profiter d'une pelouse impeccable tous les jours et garder plus de temps pour vos autres t\u00e2ches.<\/p>\n<p>&nbsp;<\/p>\n<\/div>\n<\/div><\/div><\/div><\/div><\/div><div id=\"pg-282-1\"  class=\"panel-grid panel-no-style\" ><div id=\"pgc-282-1-0\"  class=\"panel-grid-cell\" ><div id=\"panel-282-1-0-0\" class=\"so-panel widget widget_sow-editor panel-first-child panel-last-child\" data-index=\"2\" ><div class=\"panel-widget-style panel-widget-style-for-282-1-0-0\" ><div\n\t\t\t\n\t\t\tclass=\"so-widget-sow-editor so-widget-sow-editor-base\"\n\t\t\t\n\t\t>\n<div class=\"siteorigin-widget-tinymce textwidget\">\n\t<p>&nbsp;<\/p>\n<p>&nbsp;<\/p>\n<h3 class=\"content-block-headline\">Pelouse complexe. R\u00e9sultat impeccable.<\/h3>\n<p>Robuste et fiable, l'Automower\u00ae Husqvarna g\u00e8re les pelouses difficiles sans aucun probl\u00e8me et garantit des r\u00e9sultats de tonte irr\u00e9prochables. Il se d\u00e9place facilement dans les zones complexes, traverse les passages \u00e9troits ou les terrains accident\u00e9s et gravit des pentes abruptes, pour vous donner une pelouse parfaitement tondue tous les jours, avec un minimum d'interaction.<\/p>\n<\/div>\n<\/div><\/div><\/div><\/div><div id=\"pgc-282-1-1\"  class=\"panel-grid-cell\" ><div id=\"panel-282-1-1-0\" class=\"so-panel widget widget_sow-image panel-first-child panel-last-child\" data-index=\"3\" ><div\n\t\t\t\n\t\t\tclass=\"so-widget-sow-image so-widget-sow-image-default-c67d20f9f743-282\"\n\t\t\t\n\t\t>\n\n<div class=\"sow-image-container\">\n\t\t\t<a href=\"http:\/\/www.houbagri.be\/nl\/toro\/\"\n\t\t\t\t\t>\n\t\t\t<img src=\"http:\/\/www.houbagri.be\/wp-content\/uploads\/2018\/04\/H350-0271-640x400.jpg\" width=\"640\" height=\"400\" srcset=\"http:\/\/www.houbagri.be\/wp-content\/uploads\/2018\/04\/H350-0271-640x400.jpg 640w, http:\/\/www.houbagri.be\/wp-content\/uploads\/2018\/04\/H350-0271-480x300.jpg 480w\" sizes=\"(max-width: 640px) 100vw, 640px\" alt=\"\" loading=\"lazy\" \t\tclass=\"so-widget-image\"\/>\n\t<\/a><\/div>\n\n<\/div><\/div><\/div><\/div><div id=\"pg-282-2\"  class=\"panel-grid panel-no-style\" ><div id=\"pgc-282-2-0\"  class=\"panel-grid-cell\" ><div id=\"panel-282-2-0-0\" class=\"so-panel widget widget_media_video panel-first-child panel-last-child\" data-index=\"4\" ><div style=\"width:100%;\" class=\"wp-video\"><!--[if lt IE 9]><script>document.createElement('video');<\/script><![endif]-->\n<video class=\"wp-video-shortcode\" id=\"video-282-1\" preload=\"metadata\" controls=\"controls\"><source type=\"video\/youtube\" src=\"https:\/\/www.youtube.com\/watch?v=uIChEbnIIbg&#038;_=1\" \/><a href=\"https:\/\/www.youtube.com\/watch?v=uIChEbnIIbg\">https:\/\/www.youtube.com\/watch?v=uIChEbnIIbg<\/a><\/video><\/div><\/div><\/div><\/div><div id=\"pg-282-3\"  class=\"panel-grid panel-no-style\" ><div id=\"pgc-282-3-0\"  class=\"panel-grid-cell\" ><div id=\"panel-282-3-0-0\" class=\"widget_text so-panel widget widget_custom_html panel-first-child panel-last-child\" data-index=\"5\" ><div class=\"widget_text panel-widget-style panel-widget-style-for-282-3-0-0\" ><div class=\"textwidget custom-html-widget\"><div id=\"metaslider-id-172\" style=\"width: 100%;\" class=\"ml-slider-3-37-0 metaslider metaslider-nivo metaslider-172 ml-slider ms-theme-default\" role=\"region\" aria-roledescription=\"Slideshow\" aria-label=\"Slideshow\">\n    <div id=\"metaslider_container_172\">\n        <div class='slider-wrapper theme-default'><div class='ribbon'><\/div><div id='metaslider_172' class='nivoSlider'><img src=\"http:\/\/www.houbagri.be\/wp-content\/uploads\/2017\/05\/Automower-420-2-1024x768-1024x350.jpg\" height=\"350\" width=\"1024\" alt=\"\" class=\"slider-172 slide-173\" \/><img src=\"http:\/\/www.houbagri.be\/wp-content\/uploads\/2017\/05\/slide2-1024x350.jpg\" height=\"350\" width=\"1024\" alt=\"\" class=\"slider-172 slide-174\" \/><img src=\"http:\/\/www.houbagri.be\/wp-content\/uploads\/2017\/05\/toro-1024-1024x350.jpg\" height=\"350\" width=\"1024\" title=\"toro-1024\" alt=\"\" class=\"slider-172 slide-224\" \/><img src=\"http:\/\/www.houbagri.be\/wp-content\/uploads\/2018\/03\/billboard-homeowner-emea-1024x350.jpg\" height=\"350\" width=\"1024\" title=\"billboard-homeowner-emea\" alt=\"\" class=\"slider-172 slide-227\" \/><img src=\"http:\/\/www.houbagri.be\/wp-content\/uploads\/2021\/03\/H350-0672-1024x350.jpeg\" height=\"350\" width=\"1024\" title=\"H350-0672\" alt=\"\" class=\"slider-172 slide-395\" \/><img src=\"http:\/\/www.houbagri.be\/wp-content\/uploads\/2019\/01\/husqvarna_automower_435x-awd_04-900x307.jpg\" height=\"350\" width=\"1024\" title=\"husqvarna_automower_435x-awd_04\" alt=\"\" class=\"slider-172 slide-396\" \/><\/div><\/div>\n        \n    <\/div>\n<\/div>\n<p>&nbsp;<\/p>\n<p style=\"text-align: center;\">Pour tous renseignements, demande de prix, <a href=\"http:\/\/www.houbagri.be\/#contact\">contactez-nous<\/a><\/p><\/div><\/div><\/div><\/div><\/div><\/div>","protected":false},"excerpt":{"rendered":"<p>&nbsp; &nbsp; Robot tondeuse Automower\u00ae Husqvarna \u2014 Leader mondial de la tonte robotis\u00e9e L&#8217;Automower\u00ae Husqvarna est votre partenaire fiable et intelligent dans votre jardin, construit par le num\u00e9ro un mondial &#8230;<\/p>\n","protected":false},"author":1,"featured_media":0,"parent":0,"menu_order":0,"comment_status":"closed","ping_status":"closed","template":"template-fullwidth.php","meta":{"_mi_skip_tracking":false,"_exactmetrics_sitenote_active":false,"_exactmetrics_sitenote_note":"","_exactmetrics_sitenote_category":0},"aioseo_notices":[],"_links":{"self":[{"href":"http:\/\/www.houbagri.be\/nl\/wp-json\/wp\/v2\/pages\/282"}],"collection":[{"href":"http:\/\/www.houbagri.be\/nl\/wp-json\/wp\/v2\/pages"}],"about":[{"href":"http:\/\/www.houbagri.be\/nl\/wp-json\/wp\/v2\/types\/page"}],"author":[{"embeddable":true,"href":"http:\/\/www.houbagri.be\/nl\/wp-json\/wp\/v2\/users\/1"}],"replies":[{"embeddable":true,"href":"http:\/\/www.houbagri.be\/nl\/wp-json\/wp\/v2\/comments?post=282"}],"version-history":[{"count":55,"href":"http:\/\/www.houbagri.be\/nl\/wp-json\/wp\/v2\/pages\/282\/revisions"}],"predecessor-version":[{"id":390,"href":"http:\/\/www.houbagri.be\/nl\/wp-json\/wp\/v2\/pages\/282\/revisions\/390"}],"wp:attachment":[{"href":"http:\/\/www.houbagri.be\/nl\/wp-json\/wp\/v2\/media?parent=282"}],"curies":[{"name":"wp","href":"https:\/\/api.w.org\/{rel}","templated":true}]}}