{"id":150,"date":"2017-05-12T15:49:43","date_gmt":"2017-05-12T13:49:43","guid":{"rendered":"http:\/\/www.houbagri.be\/?page_id=150"},"modified":"2018-04-06T15:56:55","modified_gmt":"2018-04-06T13:56:55","slug":"husqvarna","status":"publish","type":"page","link":"https:\/\/www.houbagri.be\/fr\/husqvarna\/","title":{"rendered":"Husqvarna"},"content":{"rendered":"<p><\/p>\n<h2 class=\"titre\" style=\"text-align: center;\">Husqvarna, tron\u00e7onneuses et d\u00e9broussailleuses<\/h2>\n<div class=\"article\">\n<p style=\"text-align: center;\" align=\"justify\">\u00a0Fabricant de <strong>tron\u00e7onneuses<\/strong> et de <strong>d\u00e9broussailleuses<\/strong>, Husqvarna a une exp\u00e9rience de 50 ans dans le m\u00e9tier. La marque vous propose une large gamme d\u2019outils polyvalents pour couper et <strong>tailler les broussailles<\/strong>, pour <strong>couper du bois <\/strong>de chauffage ou pour un \u00e9claircissage efficace\u2026<\/p>\n<p style=\"text-align: center;\" align=\"justify\"><strong>Houbagri<\/strong> vous fournit la machine qu\u2019il vous faut, rapide et maniable : d\u00e9broussailleuses foresti\u00e8res, tron\u00e7onneuses pour l\u2019abattage, la coupe et la taille du bois, tron\u00e7onneuses pour un usage occasionnel, pour le travail en for\u00eat, etc. Leur faible consommation pour de grandes performances font de ces machines le haut de gamme du <strong>mat\u00e9riel forestier<\/strong>.<\/p>\n<p style=\"text-align: center;\" align=\"justify\">Nous sommes revendeurs agr\u00e9\u00e9s Husqvarna, si le\u00a0mod\u00e8le qui vous int\u00e9resse n\u2019est pas de stock, nous pouvons vous le commander.<\/p>\n<p style=\"text-align: center;\" align=\"justify\">Site officiel <strong><a title=\"Husqvarna\" href=\"http:\/\/www.husqvarna.be\/\" target=\"_blank\" rel=\"noopener noreferrer\">Husqvarna<\/a>.<\/strong><\/p>\n<p style=\"text-align: center;\" align=\"justify\"><img decoding=\"async\" loading=\"lazy\" class=\"alignnone wp-image-337 size-full\" src=\"http:\/\/www.houbagri.be\/wp-content\/uploads\/2018\/04\/Husqvarna_outillage_-_Tron_onneuse.jpg\" alt=\"\" width=\"1280\" height=\"890\" srcset=\"https:\/\/www.houbagri.be\/wp-content\/uploads\/2018\/04\/Husqvarna_outillage_-_Tron_onneuse.jpg 1280w, https:\/\/www.houbagri.be\/wp-content\/uploads\/2018\/04\/Husqvarna_outillage_-_Tron_onneuse-300x209.jpg 300w, https:\/\/www.houbagri.be\/wp-content\/uploads\/2018\/04\/Husqvarna_outillage_-_Tron_onneuse-768x534.jpg 768w, https:\/\/www.houbagri.be\/wp-content\/uploads\/2018\/04\/Husqvarna_outillage_-_Tron_onneuse-1024x712.jpg 1024w\" sizes=\"(max-width: 1280px) 100vw, 1280px\" \/><\/p>\n<p style=\"text-align: center;\" align=\"justify\">Pour tous renseignements, demandes de prix, <a href=\"http:\/\/www.houbagri.be\/#contact\">contactez-nous<\/a><\/p>\n<\/div>\n<p><\/p>","protected":false},"excerpt":{"rendered":"<p>Husqvarna, tron\u00e7onneuses et d\u00e9broussailleuses \u00a0Fabricant de tron\u00e7onneuses et de d\u00e9broussailleuses, Husqvarna a une exp\u00e9rience de 50 ans dans le m\u00e9tier. La marque vous propose une large gamme d\u2019outils polyvalents pour &#8230;<\/p>\n","protected":false},"author":1,"featured_media":0,"parent":0,"menu_order":0,"comment_status":"closed","ping_status":"closed","template":"template-fullwidth.php","meta":{"_mi_skip_tracking":false,"_exactmetrics_sitenote_active":false,"_exactmetrics_sitenote_note":"","_exactmetrics_sitenote_category":0},"aioseo_notices":[],"_links":{"self":[{"href":"https:\/\/www.houbagri.be\/fr\/wp-json\/wp\/v2\/pages\/150"}],"collection":[{"href":"https:\/\/www.houbagri.be\/fr\/wp-json\/wp\/v2\/pages"}],"about":[{"href":"https:\/\/www.houbagri.be\/fr\/wp-json\/wp\/v2\/types\/page"}],"author":[{"embeddable":true,"href":"https:\/\/www.houbagri.be\/fr\/wp-json\/wp\/v2\/users\/1"}],"replies":[{"embeddable":true,"href":"https:\/\/www.houbagri.be\/fr\/wp-json\/wp\/v2\/comments?post=150"}],"version-history":[{"count":10,"href":"https:\/\/www.houbagri.be\/fr\/wp-json\/wp\/v2\/pages\/150\/revisions"}],"predecessor-version":[{"id":338,"href":"https:\/\/www.houbagri.be\/fr\/wp-json\/wp\/v2\/pages\/150\/revisions\/338"}],"wp:attachment":[{"href":"https:\/\/www.houbagri.be\/fr\/wp-json\/wp\/v2\/media?parent=150"}],"curies":[{"name":"wp","href":"https:\/\/api.w.org\/{rel}","templated":true}]}}