{"id":362,"date":"2018-08-02T14:04:44","date_gmt":"2018-08-02T12:04:44","guid":{"rendered":"http:\/\/www.houbagri.be\/?page_id=362"},"modified":"2018-08-02T14:22:53","modified_gmt":"2018-08-02T12:22:53","slug":"news","status":"publish","type":"page","link":"https:\/\/www.houbagri.be\/fr\/news\/","title":{"rendered":"Houbagri engage"},"content":{"rendered":"<p><\/p>\n<h3><\/h3>\n<h3 style=\"text-align: center;\">Nous sommes \u00e0 la recherche d\u2019un m\u00e9canicien polyvalent, pour tout renseignement compl\u00e9mentaire vous pouvez nous contacter par mail, t\u00e9l\u00e9phone ou venir directement au magasin.<\/h3>\n<p>&nbsp;<\/p>\n<h4><img decoding=\"async\" loading=\"lazy\" class=\"size-full wp-image-365 aligncenter\" src=\"http:\/\/www.houbagri.be\/wp-content\/uploads\/2018\/08\/wewantyou.jpg\" alt=\"\" width=\"760\" height=\"628\" srcset=\"https:\/\/www.houbagri.be\/wp-content\/uploads\/2018\/08\/wewantyou.jpg 760w, https:\/\/www.houbagri.be\/wp-content\/uploads\/2018\/08\/wewantyou-300x248.jpg 300w\" sizes=\"(max-width: 760px) 100vw, 760px\" \/><\/h4>\n<p><\/p>","protected":false},"excerpt":{"rendered":"<p>Nous sommes \u00e0 la recherche d\u2019un m\u00e9canicien polyvalent, pour tout renseignement compl\u00e9mentaire vous pouvez nous contacter par mail, t\u00e9l\u00e9phone ou venir directement au magasin. &nbsp;<\/p>\n","protected":false},"author":1,"featured_media":0,"parent":0,"menu_order":0,"comment_status":"closed","ping_status":"closed","template":"template-fullwidth.php","meta":{"_mi_skip_tracking":false,"_exactmetrics_sitenote_active":false,"_exactmetrics_sitenote_note":"","_exactmetrics_sitenote_category":0},"aioseo_notices":[],"_links":{"self":[{"href":"https:\/\/www.houbagri.be\/fr\/wp-json\/wp\/v2\/pages\/362"}],"collection":[{"href":"https:\/\/www.houbagri.be\/fr\/wp-json\/wp\/v2\/pages"}],"about":[{"href":"https:\/\/www.houbagri.be\/fr\/wp-json\/wp\/v2\/types\/page"}],"author":[{"embeddable":true,"href":"https:\/\/www.houbagri.be\/fr\/wp-json\/wp\/v2\/users\/1"}],"replies":[{"embeddable":true,"href":"https:\/\/www.houbagri.be\/fr\/wp-json\/wp\/v2\/comments?post=362"}],"version-history":[{"count":5,"href":"https:\/\/www.houbagri.be\/fr\/wp-json\/wp\/v2\/pages\/362\/revisions"}],"predecessor-version":[{"id":369,"href":"https:\/\/www.houbagri.be\/fr\/wp-json\/wp\/v2\/pages\/362\/revisions\/369"}],"wp:attachment":[{"href":"https:\/\/www.houbagri.be\/fr\/wp-json\/wp\/v2\/media?parent=362"}],"curies":[{"name":"wp","href":"https:\/\/api.w.org\/{rel}","templated":true}]}}