{"id":60,"date":"2017-05-09T11:18:24","date_gmt":"2017-05-09T09:18:24","guid":{"rendered":"http:\/\/www.houbagri.be\/?page_id=60"},"modified":"2017-05-09T11:18:24","modified_gmt":"2017-05-09T09:18:24","slug":"installation","status":"publish","type":"page","link":"https:\/\/www.houbagri.be\/fr\/installation\/","title":{"rendered":"Installation"},"content":{"rendered":"<p>La livraison et l&rsquo;installation de votre nouvelle automower, votre nouvelle chaudi\u00e8re est r\u00e9alis\u00e9e par nos soins.<\/p>","protected":false},"excerpt":{"rendered":"<p>La livraison et l&rsquo;installation de votre nouvelle automower, votre nouvelle chaudi\u00e8re est r\u00e9alis\u00e9e par nos soins.<\/p>\n","protected":false},"author":1,"featured_media":0,"parent":0,"menu_order":0,"comment_status":"closed","ping_status":"closed","template":"","meta":{"_mi_skip_tracking":false,"_exactmetrics_sitenote_active":false,"_exactmetrics_sitenote_note":"","_exactmetrics_sitenote_category":0},"aioseo_notices":[],"_links":{"self":[{"href":"https:\/\/www.houbagri.be\/fr\/wp-json\/wp\/v2\/pages\/60"}],"collection":[{"href":"https:\/\/www.houbagri.be\/fr\/wp-json\/wp\/v2\/pages"}],"about":[{"href":"https:\/\/www.houbagri.be\/fr\/wp-json\/wp\/v2\/types\/page"}],"author":[{"embeddable":true,"href":"https:\/\/www.houbagri.be\/fr\/wp-json\/wp\/v2\/users\/1"}],"replies":[{"embeddable":true,"href":"https:\/\/www.houbagri.be\/fr\/wp-json\/wp\/v2\/comments?post=60"}],"version-history":[{"count":1,"href":"https:\/\/www.houbagri.be\/fr\/wp-json\/wp\/v2\/pages\/60\/revisions"}],"predecessor-version":[{"id":61,"href":"https:\/\/www.houbagri.be\/fr\/wp-json\/wp\/v2\/pages\/60\/revisions\/61"}],"wp:attachment":[{"href":"https:\/\/www.houbagri.be\/fr\/wp-json\/wp\/v2\/media?parent=60"}],"curies":[{"name":"wp","href":"https:\/\/api.w.org\/{rel}","templated":true}]}}